{"id":3308,"date":"2025-12-12T13:52:00","date_gmt":"2025-12-12T13:52:00","guid":{"rendered":"https:\/\/karcocha.com\/?post_type=product&#038;p=3308"},"modified":"2026-04-28T13:31:48","modified_gmt":"2026-04-28T13:31:48","slug":"karcocha-happy-mug","status":"publish","type":"product","link":"https:\/\/karcocha.com\/es\/producto\/karcocha-happy-mug\/","title":{"rendered":"Taza Feliz de Karcocha"},"content":{"rendered":"<p class=\"p1\"><b>Karcocha Happy Mug \u2013 350 ml (12 oz) | Taza de caf\u00e9 artesanal original<\/b><\/p>\n<p class=\"p2\">Empieza el d\u00eda con una sonrisa (y un sorbo) con la <b>Karcocha \u2013 Taza Feliz<\/b> y su frase <em>&#8220;Hoy nada puede malir sal&#8221;<\/em>. \u00danica para quienes entienden el humor de Karcocha \ud83d\ude42<\/p>\n<p class=\"p2\">Perfecta para caf\u00e9, t\u00e9 o cualquier poci\u00f3n m\u00e1gica que impulse tu d\u00eda, esta taza de <b>350 ml (12 oz)<\/b> aporta humor, buen rollo y un toque artesanal a tu rutina ma\u00f1anera.<\/p>\n<p class=\"p2\"><b>Por qu\u00e9 esta taza divertida es un imprescindible:<\/b><\/p>\n<ul class=\"ul1\">\n<li class=\"li2\"><b><\/b><b>Cer\u00e1mica de calidad premium AAA:<\/b> aza resistente con impresi\u00f3n duradera, hecha para acompa\u00f1arte mucho tiempo \u2014 porque tu caf\u00e9 se merece lo mejor.<\/li>\n<li class=\"li2\"><b><\/b><b>Aut\u00e9ntica y hecha a mano:<\/b> Dise\u00f1ada y dibujada a mano (sin IA, sin robots, sin monos de circo), y producida en nuestro taller. Cada taza es imperfectamente \u00fanica \u2014 tal y como nos gusta.<\/li>\n<li class=\"li2\"><b><\/b><b>Apta para microondas y lavavajillas:<\/b> Disfruta tu caf\u00e9 sin preocupaciones \u2014 esta taza soporta el calor, el agua y hasta tus decisiones cuestionables.<\/li>\n<li class=\"li2\"><b><\/b><b>Aprobada para buenas vibras:<\/b> Garantizado que te har\u00e1 sonre\u00edr antes de que la cafe\u00edna haga efecto. Casi. Probablemente.<\/li>\n<\/ul>\n<p class=\"p2\"><b>Datos t\u00e9cnicos:<\/b><\/p>\n<ul class=\"ul1\">\n<li class=\"li2\">Diametro: 8 cm<\/li>\n<li class=\"li2\">Altura: 9,5 cm (perfecta para tu ratio caf\u00e9-caos)<\/li>\n<li class=\"li2\">Peso: 340 g<\/li>\n<li class=\"li2\">Colores: blanco, negro<\/li>\n<li class=\"li2\">Capacidad: 350 ml (12 oz)<\/li>\n<\/ul>\n<p class=\"p2\"><b>Idea de regalo perfecta:<\/b> Hazte con una para ti, tu mejor amigo o ese compa\u00f1ero de trabajo que necesita un poco de magia Karcocha en su rutina diaria. Ideal como <b>un regalo divertido para amantes del caf\u00e9<\/b>, <b>taza aut\u00e9ntica para amantes del t\u00e9<\/b>, o <b>como pieza de colecci\u00f3n \u00fanica de Karcocha.<\/b>.<\/p>","protected":false},"excerpt":{"rendered":"<p><strong data-start=\"101\" data-end=\"171\">Karcocha \u2013 Taza Happy \u2013 350 ml (12 oz) | Taza de caf\u00e9 divertida hecha a mano<\/strong><br data-start=\"171\" data-end=\"174\" \/>\u00a1Empieza tu d\u00eda con humor y buenas vibras! Esta <strong data-start=\"221\" data-end=\"260\">taza de cer\u00e1mica hecha a mano de 350 ml (12 oz)<\/strong> presenta un dise\u00f1o \u00fanico de Karcocha y es <strong data-start=\"299\" data-end=\"330\">apta para microondas y lavavajillas<\/strong>y perfecta para caf\u00e9, t\u00e9 o cualquier poci\u00f3n m\u00e1gica que impulse tu d\u00eda. Ideal como <strong data-start=\"415\" data-end=\"447\" data-is-only-node=\"\">un regalo divertido para amantes del caf\u00e9<\/strong> o una <strong data-start=\"453\" data-end=\"490\">como pieza de colecci\u00f3n \u00fanica de Karcocha.<\/strong>. Disponible en versiones en negro y blanco<\/p>","protected":false},"featured_media":3390,"comment_status":"open","ping_status":"closed","template":"","meta":{"_et_pb_use_builder":"","_et_pb_old_content":"","_et_gb_content_width":""},"product_brand":[],"product_cat":[20,69,79,119],"product_tag":[60,61,63,62,65,59,64],"class_list":{"0":"post-3308","1":"product","2":"type-product","3":"status-publish","4":"has-post-thumbnail","6":"product_cat-sin-categoria","7":"product_cat-karcocha-merchandise","8":"product_cat-lifestyle-accessories","9":"product_cat-mug","10":"product_tag-coffee-cup","11":"product_tag-karcocha-cup","12":"product_tag-karcocha-mug","13":"product_tag-morning-tea-cup","14":"product_tag-motivation-cup","15":"product_tag-mug","16":"product_tag-sonrie-mug","18":"first","19":"instock","20":"taxable","21":"shipping-taxable","22":"purchasable","23":"product-type-variable"},"jetpack_sharing_enabled":true,"_links":{"self":[{"href":"https:\/\/karcocha.com\/es\/wp-json\/wp\/v2\/product\/3308","targetHints":{"allow":["GET"]}}],"collection":[{"href":"https:\/\/karcocha.com\/es\/wp-json\/wp\/v2\/product"}],"about":[{"href":"https:\/\/karcocha.com\/es\/wp-json\/wp\/v2\/types\/product"}],"replies":[{"embeddable":true,"href":"https:\/\/karcocha.com\/es\/wp-json\/wp\/v2\/comments?post=3308"}],"version-history":[{"count":9,"href":"https:\/\/karcocha.com\/es\/wp-json\/wp\/v2\/product\/3308\/revisions"}],"predecessor-version":[{"id":3392,"href":"https:\/\/karcocha.com\/es\/wp-json\/wp\/v2\/product\/3308\/revisions\/3392"}],"wp:featuredmedia":[{"embeddable":true,"href":"https:\/\/karcocha.com\/es\/wp-json\/wp\/v2\/media\/3390"}],"wp:attachment":[{"href":"https:\/\/karcocha.com\/es\/wp-json\/wp\/v2\/media?parent=3308"}],"wp:term":[{"taxonomy":"product_brand","embeddable":true,"href":"https:\/\/karcocha.com\/es\/wp-json\/wp\/v2\/product_brand?post=3308"},{"taxonomy":"product_cat","embeddable":true,"href":"https:\/\/karcocha.com\/es\/wp-json\/wp\/v2\/product_cat?post=3308"},{"taxonomy":"product_tag","embeddable":true,"href":"https:\/\/karcocha.com\/es\/wp-json\/wp\/v2\/product_tag?post=3308"}],"curies":[{"name":"wp","href":"https:\/\/api.w.org\/{rel}","templated":true}]}}