{"id":3312,"date":"2025-12-12T13:43:41","date_gmt":"2025-12-12T13:43:41","guid":{"rendered":"https:\/\/karcocha.com\/?post_type=product&#038;p=3312"},"modified":"2026-04-28T16:16:21","modified_gmt":"2026-04-28T16:16:21","slug":"karcocha-magic-mug","status":"publish","type":"product","link":"https:\/\/karcocha.com\/es\/producto\/karcocha-magic-mug\/","title":{"rendered":"Taza m\u00e1gica Karcocha"},"content":{"rendered":"<h3 data-start=\"265\" data-end=\"352\"><strong data-start=\"269\" data-end=\"350\">Taza m\u00e1gica \u2013 325 ml (11 oz) | Taza de caf\u00e9 con efecto especial<\/strong><\/h3>\n<p data-start=\"354\" data-end=\"740\">A\u00f1ade un poco de magia a tus ma\u00f1anas con la <strong data-start=\"401\" data-end=\"437\">Karcocha &#8211; <em>Abracadabra<\/em> Magic Mug<\/strong>! Al principio parece una elegante <strong data-start=\"462\" data-end=\"489\">taza de cer\u00e1mica negra mate<\/strong>, pero al verter algo caliente \u2014 caf\u00e9, t\u00e9 o cualquier poci\u00f3n m\u00e1gica \u2014 y <em data-start=\"560\" data-end=\"566\">BAM!<\/em> aparece el dise\u00f1o de Karcocha, convirtiendo tu caf\u00e9 diario en una experiencia m\u00e1gica. Perfecta para fans del humor, los dise\u00f1os hechos a mano y la magia en la cocina.<\/p>\n<p data-start=\"742\" data-end=\"787\"><strong data-start=\"742\" data-end=\"785\">Por qu\u00e9 esta taza que cambia de color es especial:<\/strong><\/p>\n<ul data-start=\"788\" data-end=\"1498\">\n<li data-start=\"788\" data-end=\"923\">\n<p data-start=\"790\" data-end=\"923\"><strong data-start=\"790\" data-end=\"822\">Efecto m\u00e1gico de cambio de color:<\/strong> El negro mate se transforma en un dise\u00f1o Karcocha estampado a mano al calentarse \u2014 tu propio mini espect\u00e1culo de magia en casa.<\/p>\n<\/li>\n<li data-start=\"924\" data-end=\"1009\">\n<p data-start=\"926\" data-end=\"1009\"><strong data-start=\"926\" data-end=\"939\">Capacidad:<\/strong> 325 ml (11 oz) \u2014 el tama\u00f1o perfecto para tu dosis de energ\u00eda matutina.<\/p>\n<\/li>\n<li data-start=\"1010\" data-end=\"1105\">\n<p data-start=\"1012\" data-end=\"1105\"><strong data-start=\"1012\" data-end=\"1025\">Material:<\/strong> Cer\u00e1mica premium, resistente y preparada para sobrevivir incluso a las ma\u00f1anas m\u00e1s ca\u00f3ticas.<\/p>\n<\/li>\n<li data-start=\"1106\" data-end=\"1161\">\n<p data-start=\"1108\" data-end=\"1119\"><strong data-start=\"1108\" data-end=\"1117\">Size:<\/strong><\/p>\n<ul data-start=\"1122\" data-end=\"1161\">\n<li data-start=\"1122\" data-end=\"1140\">\n<p data-start=\"1124\" data-end=\"1140\">Diametro: 8 cm<\/p>\n<\/li>\n<li data-start=\"1143\" data-end=\"1161\">\n<p data-start=\"1145\" data-end=\"1161\">Altura: 9,5 cm<\/p>\n<\/li>\n<\/ul>\n<\/li>\n<li data-start=\"1162\" data-end=\"1230\">\n<p data-start=\"1164\" data-end=\"1230\"><strong data-start=\"1164\" data-end=\"1175\">Acabado:<\/strong> Negro mate en fr\u00edo, revelando la magia con el calor.<\/p>\n<\/li>\n<li data-start=\"1231\" data-end=\"1323\">\n<p data-start=\"1233\" data-end=\"1323\"><strong data-start=\"1233\" data-end=\"1265\">Apta para microondas y lavavajillas:<\/strong> Pr\u00e1ctica y f\u00e1cil de limpiar, sin perder la magia.<\/p>\n<\/li>\n<li data-start=\"1324\" data-end=\"1498\">\n<p data-start=\"1326\" data-end=\"1498\"><strong data-start=\"1326\" data-end=\"1348\">Idea de regalo perfecta:<\/strong> Ideal como <strong data-start=\"1360\" data-end=\"1392\">un regalo divertido para amantes del caf\u00e9<\/strong>, a <strong data-start=\"1396\" data-end=\"1418\">taza m\u00e1gica artesanal<\/strong>, o como <strong data-start=\"1425\" data-end=\"1462\">como pieza de colecci\u00f3n \u00fanica de Karcocha.<\/strong> para amigos, fans o compa\u00f1eros de trabajo.<\/p>\n<\/li>\n<\/ul>\n<p data-start=\"1500\" data-end=\"1598\">Convierte tu pausa del caf\u00e9 en un aut\u00e9ntico ritual m\u00e1gico \u2014 \u00a1las ma\u00f1anas nunca hab\u00edan sido tan entretenidas!<\/p>\n<p><iframe title=\"Karcocha Magic Cup Video\" width=\"563\" height=\"1000\" src=\"https:\/\/www.youtube.com\/embed\/eA_K9SYHD0g?feature=oembed\"  allow=\"accelerometer; autoplay; clipboard-write; encrypted-media; gyroscope; picture-in-picture; web-share\" referrerpolicy=\"strict-origin-when-cross-origin\" allowfullscreen><\/iframe><\/p>\n<p>&nbsp;<\/p>","protected":false},"excerpt":{"rendered":"<p><strong data-start=\"93\" data-end=\"174\">Karcocha &#8211; <em>Abracadabra<\/em> Taza m\u00e1gica Abracadabra \u2013 325 ml (11 oz) | Taza de caf\u00e9 que cambia de color<\/strong><br data-start=\"174\" data-end=\"177\" \/>\u00a1Vive la magia en cada sorbo! Esta <strong data-start=\"215\" data-end=\"249\">taza de cer\u00e1mica negra mate de 325 ml<\/strong> revela un dise\u00f1o de Karcocha estampado a mano cuando se llena con una bebida caliente. <strong data-start=\"321\" data-end=\"352\">Apta para microondas y lavavajillas,<\/strong>perfecta como <strong data-start=\"367\" data-end=\"399\" data-is-only-node=\"\">un regalo divertido para amantes del caf\u00e9<\/strong> o una <strong data-start=\"405\" data-end=\"442\">como pieza de colecci\u00f3n \u00fanica de Karcocha.<\/strong>.<\/p>","protected":false},"featured_media":3516,"comment_status":"open","ping_status":"closed","template":"","meta":{"_et_pb_use_builder":"","_et_pb_old_content":"","_et_gb_content_width":""},"product_brand":[],"product_cat":[69,79,119],"product_tag":[60,61,63,62,65,59,64],"class_list":{"0":"post-3312","1":"product","2":"type-product","3":"status-publish","4":"has-post-thumbnail","6":"product_cat-karcocha-merchandise","7":"product_cat-lifestyle-accessories","8":"product_cat-mug","9":"product_tag-coffee-cup","10":"product_tag-karcocha-cup","11":"product_tag-karcocha-mug","12":"product_tag-morning-tea-cup","13":"product_tag-motivation-cup","14":"product_tag-mug","15":"product_tag-sonrie-mug","17":"first","18":"instock","19":"taxable","20":"shipping-taxable","21":"purchasable","22":"product-type-simple"},"jetpack_sharing_enabled":true,"_links":{"self":[{"href":"https:\/\/karcocha.com\/es\/wp-json\/wp\/v2\/product\/3312","targetHints":{"allow":["GET"]}}],"collection":[{"href":"https:\/\/karcocha.com\/es\/wp-json\/wp\/v2\/product"}],"about":[{"href":"https:\/\/karcocha.com\/es\/wp-json\/wp\/v2\/types\/product"}],"replies":[{"embeddable":true,"href":"https:\/\/karcocha.com\/es\/wp-json\/wp\/v2\/comments?post=3312"}],"version-history":[{"count":10,"href":"https:\/\/karcocha.com\/es\/wp-json\/wp\/v2\/product\/3312\/revisions"}],"predecessor-version":[{"id":4203,"href":"https:\/\/karcocha.com\/es\/wp-json\/wp\/v2\/product\/3312\/revisions\/4203"}],"wp:featuredmedia":[{"embeddable":true,"href":"https:\/\/karcocha.com\/es\/wp-json\/wp\/v2\/media\/3516"}],"wp:attachment":[{"href":"https:\/\/karcocha.com\/es\/wp-json\/wp\/v2\/media?parent=3312"}],"wp:term":[{"taxonomy":"product_brand","embeddable":true,"href":"https:\/\/karcocha.com\/es\/wp-json\/wp\/v2\/product_brand?post=3312"},{"taxonomy":"product_cat","embeddable":true,"href":"https:\/\/karcocha.com\/es\/wp-json\/wp\/v2\/product_cat?post=3312"},{"taxonomy":"product_tag","embeddable":true,"href":"https:\/\/karcocha.com\/es\/wp-json\/wp\/v2\/product_tag?post=3312"}],"curies":[{"name":"wp","href":"https:\/\/api.w.org\/{rel}","templated":true}]}}